{"id":10,"date":"2022-08-15T15:27:26","date_gmt":"2022-08-15T15:27:26","guid":{"rendered":"https:\/\/activeentertainment.fi\/?page_id=10"},"modified":"2026-01-24T12:07:05","modified_gmt":"2026-01-24T10:07:05","slug":"contact","status":"publish","type":"page","link":"https:\/\/activeentertainment.fi\/en\/contact\/","title":{"rendered":"Contact"},"content":{"rendered":"\t\t<div data-elementor-type=\"wp-page\" data-elementor-id=\"10\" class=\"elementor elementor-10\" data-elementor-post-type=\"page\">\n\t\t\t\t\t\t<section class=\"elementor-section elementor-top-section elementor-element elementor-element-3c8cff6 elementor-section-height-min-height elementor-section-boxed elementor-section-height-default elementor-section-items-middle\" data-id=\"3c8cff6\" data-element_type=\"section\" data-e-type=\"section\" data-settings=\"{&quot;background_background&quot;:&quot;classic&quot;,&quot;shape_divider_bottom&quot;:&quot;pyramids&quot;}\">\n\t\t\t\t\t<div class=\"elementor-shape elementor-shape-bottom\" aria-hidden=\"true\" data-negative=\"false\">\n\t\t\t<svg xmlns=\"http:\/\/www.w3.org\/2000\/svg\" viewBox=\"0 0 1000 100\" preserveAspectRatio=\"none\">\n\t<path class=\"elementor-shape-fill\" d=\"M761.9,44.1L643.1,27.2L333.8,98L0,3.8V0l1000,0v3.9\"\/>\n<\/svg>\t\t<\/div>\n\t\t\t\t\t<div class=\"elementor-container elementor-column-gap-default\">\n\t\t\t\t\t<div class=\"elementor-column elementor-col-100 elementor-top-column elementor-element elementor-element-1c3cded\" data-id=\"1c3cded\" data-element_type=\"column\" data-e-type=\"column\">\n\t\t\t<div class=\"elementor-widget-wrap elementor-element-populated\">\n\t\t\t\t\t\t<div class=\"elementor-element elementor-element-2542743 elementor-widget elementor-widget-heading\" data-id=\"2542743\" data-element_type=\"widget\" data-e-type=\"widget\" data-widget_type=\"heading.default\">\n\t\t\t\t<div class=\"elementor-widget-container\">\n\t\t\t\t\t<h1 class=\"elementor-heading-title elementor-size-default\">Ota yhteytt\u00e4<\/h1>\t\t\t\t<\/div>\n\t\t\t\t<\/div>\n\t\t\t\t<div class=\"elementor-element elementor-element-1e935a3 elementor-widget elementor-widget-text-editor\" data-id=\"1e935a3\" data-element_type=\"widget\" data-e-type=\"widget\" data-widget_type=\"text-editor.default\">\n\t\t\t\t<div class=\"elementor-widget-container\">\n\t\t\t\t\t\t\t\t\t<p>Olemme avoimia uusille ja mielenkiintoisille projekteille. L\u00e4het\u00e4 meili\u00e4 tai k\u00e4yt\u00e4 oheista lomaketta. Keskuksiin (liput, varaukset jne) liittyviss\u00e4 asioissa olethan yhteydell\u00e4 suoraan keskukseen.\u00a0<\/p>\t\t\t\t\t\t\t\t<\/div>\n\t\t\t\t<\/div>\n\t\t\t\t\t<\/div>\n\t\t<\/div>\n\t\t\t\t\t<\/div>\n\t\t<\/section>\n\t\t\t\t<section class=\"elementor-section elementor-top-section elementor-element elementor-element-b417fb3 elementor-section-boxed elementor-section-height-default elementor-section-height-default\" data-id=\"b417fb3\" data-element_type=\"section\" data-e-type=\"section\">\n\t\t\t\t\t\t<div class=\"elementor-container elementor-column-gap-default\">\n\t\t\t\t\t<div class=\"elementor-column elementor-col-100 elementor-top-column elementor-element elementor-element-82d7a99\" data-id=\"82d7a99\" data-element_type=\"column\" data-e-type=\"column\">\n\t\t\t<div class=\"elementor-widget-wrap elementor-element-populated\">\n\t\t\t\t\t\t<section class=\"elementor-section elementor-inner-section elementor-element elementor-element-7d40a09 elementor-section-boxed elementor-section-height-default elementor-section-height-default\" data-id=\"7d40a09\" data-element_type=\"section\" data-e-type=\"section\">\n\t\t\t\t\t\t<div class=\"elementor-container elementor-column-gap-default\">\n\t\t\t\t\t<div class=\"elementor-column elementor-col-100 elementor-inner-column elementor-element elementor-element-19662fc\" data-id=\"19662fc\" data-element_type=\"column\" data-e-type=\"column\">\n\t\t\t<div class=\"elementor-widget-wrap elementor-element-populated\">\n\t\t\t\t\t\t<div class=\"elementor-element elementor-element-f781db2 elementor-widget elementor-widget-heading\" data-id=\"f781db2\" data-element_type=\"widget\" data-e-type=\"widget\" data-widget_type=\"heading.default\">\n\t\t\t\t<div class=\"elementor-widget-container\">\n\t\t\t\t\t<h2 class=\"elementor-heading-title elementor-size-default\">Ota yhteytt\u00e4<\/h2>\t\t\t\t<\/div>\n\t\t\t\t<\/div>\n\t\t\t\t\t<\/div>\n\t\t<\/div>\n\t\t\t\t\t<\/div>\n\t\t<\/section>\n\t\t\t\t\t<\/div>\n\t\t<\/div>\n\t\t\t\t\t<\/div>\n\t\t<\/section>\n\t\t\t\t<section class=\"elementor-section elementor-top-section elementor-element elementor-element-f840e18 elementor-section-boxed elementor-section-height-default elementor-section-height-default\" data-id=\"f840e18\" data-element_type=\"section\" data-e-type=\"section\">\n\t\t\t\t\t\t<div class=\"elementor-container elementor-column-gap-default\">\n\t\t\t\t\t<div class=\"elementor-column elementor-col-100 elementor-top-column elementor-element elementor-element-f87e030\" data-id=\"f87e030\" data-element_type=\"column\" data-e-type=\"column\">\n\t\t\t<div class=\"elementor-widget-wrap elementor-element-populated\">\n\t\t\t\t\t\t<div class=\"elementor-element elementor-element-5f9013c elementor-button-align-stretch elementor-widget elementor-widget-form\" data-id=\"5f9013c\" data-element_type=\"widget\" data-e-type=\"widget\" data-settings=\"{&quot;step_next_label&quot;:&quot;Next&quot;,&quot;step_previous_label&quot;:&quot;Previous&quot;,&quot;button_width&quot;:&quot;100&quot;,&quot;step_type&quot;:&quot;number_text&quot;,&quot;step_icon_shape&quot;:&quot;circle&quot;}\" data-widget_type=\"form.default\">\n\t\t\t\t<div class=\"elementor-widget-container\">\n\t\t\t\t\t\t\t<form class=\"elementor-form\" method=\"post\" name=\"New Form\" aria-label=\"New Form\">\n\t\t\t<input type=\"hidden\" name=\"post_id\" value=\"10\"\/>\n\t\t\t<input type=\"hidden\" name=\"form_id\" value=\"5f9013c\"\/>\n\t\t\t<input type=\"hidden\" name=\"referer_title\" value=\"\" \/>\n\n\t\t\t\n\t\t\t<div class=\"elementor-form-fields-wrapper elementor-labels-above\">\n\t\t\t\t\t\t\t\t<div class=\"elementor-field-type-email elementor-field-group elementor-column elementor-field-group-email elementor-col-100 elementor-field-required elementor-mark-required\">\n\t\t\t\t\t\t\t\t\t\t\t\t<label for=\"form-field-email\" class=\"elementor-field-label\">\n\t\t\t\t\t\t\t\tEmail\t\t\t\t\t\t\t<\/label>\n\t\t\t\t\t\t\t\t\t\t\t\t\t\t<input size=\"1\" type=\"email\" name=\"form_fields[email]\" id=\"form-field-email\" class=\"elementor-field elementor-size-sm  elementor-field-textual\" placeholder=\"Email\" required=\"required\">\n\t\t\t\t\t\t\t\t\t\t\t<\/div>\n\t\t\t\t\t\t\t\t<div class=\"elementor-field-type-textarea elementor-field-group elementor-column elementor-field-group-field_0b59ed9 elementor-col-100\">\n\t\t\t\t\t\t\t\t\t\t\t\t<label for=\"form-field-field_0b59ed9\" class=\"elementor-field-label\">\n\t\t\t\t\t\t\t\tViesti\t\t\t\t\t\t\t<\/label>\n\t\t\t\t\t\t<textarea class=\"elementor-field-textual elementor-field  elementor-size-sm\" name=\"form_fields[field_0b59ed9]\" id=\"form-field-field_0b59ed9\" rows=\"4\" placeholder=\"viesti\"><\/textarea>\t\t\t\t<\/div>\n\t\t\t\t\t\t\t\t<div class=\"elementor-field-type-recaptcha_v3 elementor-field-group elementor-column elementor-field-group-field_a0fdb9c elementor-col-100 recaptcha_v3-bottomleft\">\n\t\t\t\t\t<div class=\"elementor-field\" id=\"form-field-field_a0fdb9c\"><div class=\"elementor-g-recaptcha\" data-sitekey=\"6LejHAosAAAAAFasvQXaRQf7uJJEE6TLROqE67v7\" data-type=\"v3\" data-action=\"Form\" data-badge=\"bottomleft\" data-size=\"invisible\"><\/div><\/div>\t\t\t\t<\/div>\n\t\t\t\t\t\t\t\t<div class=\"elementor-field-group elementor-column elementor-field-type-submit elementor-col-100 e-form__buttons\">\n\t\t\t\t\t<button class=\"elementor-button elementor-size-sm\" type=\"submit\">\n\t\t\t\t\t\t<span class=\"elementor-button-content-wrapper\">\n\t\t\t\t\t\t\t\t\t\t\t\t\t\t\t\t\t\t\t\t\t\t<span class=\"elementor-button-text\">L\u00e4het\u00e4 viesti<\/span>\n\t\t\t\t\t\t\t\t\t\t\t\t\t<\/span>\n\t\t\t\t\t<\/button>\n\t\t\t\t<\/div>\n\t\t\t<\/div>\n\t\t<\/form>\n\t\t\t\t\t\t<\/div>\n\t\t\t\t<\/div>\n\t\t\t\t\t<\/div>\n\t\t<\/div>\n\t\t\t\t\t<\/div>\n\t\t<\/section>\n\t\t\t\t<section class=\"elementor-section elementor-top-section elementor-element elementor-element-5508a37 elementor-section-boxed elementor-section-height-default elementor-section-height-default\" data-id=\"5508a37\" data-element_type=\"section\" data-e-type=\"section\">\n\t\t\t\t\t\t<div class=\"elementor-container elementor-column-gap-default\">\n\t\t\t\t\t<div class=\"elementor-column elementor-col-100 elementor-top-column elementor-element elementor-element-6bd2c10\" data-id=\"6bd2c10\" data-element_type=\"column\" data-e-type=\"column\">\n\t\t\t<div class=\"elementor-widget-wrap elementor-element-populated\">\n\t\t\t\t\t\t<section class=\"elementor-section elementor-inner-section elementor-element elementor-element-c9c851e elementor-section-boxed elementor-section-height-default elementor-section-height-default\" data-id=\"c9c851e\" data-element_type=\"section\" data-e-type=\"section\">\n\t\t\t\t\t\t<div class=\"elementor-container elementor-column-gap-default\">\n\t\t\t\t\t<div class=\"elementor-column elementor-col-100 elementor-inner-column elementor-element elementor-element-3a4d073\" data-id=\"3a4d073\" data-element_type=\"column\" data-e-type=\"column\">\n\t\t\t<div class=\"elementor-widget-wrap elementor-element-populated\">\n\t\t\t\t\t\t<div class=\"elementor-element elementor-element-5e35a15 elementor-widget elementor-widget-heading\" data-id=\"5e35a15\" data-element_type=\"widget\" data-e-type=\"widget\" data-widget_type=\"heading.default\">\n\t\t\t\t<div class=\"elementor-widget-container\">\n\t\t\t\t\t<h2 class=\"elementor-heading-title elementor-size-default\">Vieraile kohteissamme<\/h2>\t\t\t\t<\/div>\n\t\t\t\t<\/div>\n\t\t\t\t\t<\/div>\n\t\t<\/div>\n\t\t\t\t\t<\/div>\n\t\t<\/section>\n\t\t\t\t\t<\/div>\n\t\t<\/div>\n\t\t\t\t\t<\/div>\n\t\t<\/section>\n\t\t\t\t<section class=\"elementor-section elementor-top-section elementor-element elementor-element-6d9c1b8 elementor-section-full_width elementor-section-height-default elementor-section-height-default\" data-id=\"6d9c1b8\" data-element_type=\"section\" data-e-type=\"section\">\n\t\t\t\t\t\t<div class=\"elementor-container elementor-column-gap-default\">\n\t\t\t\t\t<div class=\"elementor-column elementor-col-100 elementor-top-column elementor-element elementor-element-36c125b\" data-id=\"36c125b\" data-element_type=\"column\" data-e-type=\"column\">\n\t\t\t<div class=\"elementor-widget-wrap elementor-element-populated\">\n\t\t\t\t\t\t<div class=\"elementor-element elementor-element-f910fad elementor-widget elementor-widget-html\" data-id=\"f910fad\" data-element_type=\"widget\" data-e-type=\"widget\" data-widget_type=\"html.default\">\n\t\t\t\t<div class=\"elementor-widget-container\">\n\t\t\t\t\t<iframe src=\"https:\/\/www.google.com\/maps\/d\/u\/0\/embed?mid=1KpYLqu4lEH7puvDc5-2IBEBP1FNOP2c&ehbc=2E312F\" width=\"640\" height=\"480\"><\/iframe>\t\t\t\t<\/div>\n\t\t\t\t<\/div>\n\t\t\t\t\t<\/div>\n\t\t<\/div>\n\t\t\t\t\t<\/div>\n\t\t<\/section>\n\t\t\t\t<\/div>\n\t\t","protected":false},"excerpt":{"rendered":"<p>Ota yhteytt\u00e4 Olemme avoimia uusille ja mielenkiintoisille projekteille. L\u00e4het\u00e4 meili\u00e4 tai k\u00e4yt\u00e4 oheista lomaketta. Keskuksiin (liput, varaukset jne) liittyviss\u00e4 asioissa olethan yhteydell\u00e4 suoraan keskukseen.\u00a0 Ota yhteytt\u00e4 Vieraile kohteissamme<\/p>","protected":false},"author":2,"featured_media":0,"parent":0,"menu_order":0,"comment_status":"closed","ping_status":"closed","template":"","meta":{"_mo_disable_npp":"","_kad_post_transparent":"","_kad_post_title":"hide","_kad_post_layout":"fullwidth","_kad_post_sidebar_id":"","_kad_post_content_style":"unboxed","_kad_post_vertical_padding":"hide","_kad_post_feature":"hide","_kad_post_feature_position":"","_kad_post_header":false,"_kad_post_footer":false,"_kad_post_classname":"","footnotes":""},"class_list":["post-10","page","type-page","status-publish","hentry"],"aioseo_notices":[],"aioseo_head":"\n\t\t<!-- All in One SEO Pro 4.9.6.2 - aioseo.com -->\n\t<meta name=\"description\" content=\"Ota yhteytt\u00e4 Olemme avoimia uusille ja mielenkiintoisille projekteille. L\u00e4het\u00e4 meili\u00e4 tai k\u00e4yt\u00e4 oheista lomaketta. Keskuksiin (liput, varaukset jne) liittyviss\u00e4 asioissa olethan yhteydell\u00e4 suoraan keskukseen. Ota yhteytt\u00e4 Email Viesti L\u00e4het\u00e4 viesti Vieraile kohteissamme\" \/>\n\t<meta name=\"robots\" content=\"max-image-preview:large\" \/>\n\t<link rel=\"canonical\" href=\"https:\/\/activeentertainment.fi\/en\/contact\/\" \/>\n\t<meta name=\"generator\" content=\"All in One SEO Pro (AIOSEO) 4.9.6.2\" \/>\n\t\t<meta property=\"og:locale\" content=\"en_GB\" \/>\n\t\t<meta property=\"og:site_name\" content=\"Active Entertainment - Fun is serious business\" \/>\n\t\t<meta property=\"og:type\" content=\"article\" \/>\n\t\t<meta property=\"og:title\" content=\"Contact - Active Entertainment\" \/>\n\t\t<meta property=\"og:description\" content=\"Ota yhteytt\u00e4 Olemme avoimia uusille ja mielenkiintoisille projekteille. L\u00e4het\u00e4 meili\u00e4 tai k\u00e4yt\u00e4 oheista lomaketta. Keskuksiin (liput, varaukset jne) liittyviss\u00e4 asioissa olethan yhteydell\u00e4 suoraan keskukseen. Ota yhteytt\u00e4 Email Viesti L\u00e4het\u00e4 viesti Vieraile kohteissamme\" \/>\n\t\t<meta property=\"og:url\" content=\"https:\/\/activeentertainment.fi\/en\/contact\/\" \/>\n\t\t<meta property=\"og:image\" content=\"https:\/\/activeentertainment.fi\/wp-content\/uploads\/2022\/09\/Vertical-Main-Logo-transparent.png\" \/>\n\t\t<meta property=\"og:image:secure_url\" content=\"https:\/\/activeentertainment.fi\/wp-content\/uploads\/2022\/09\/Vertical-Main-Logo-transparent.png\" \/>\n\t\t<meta property=\"og:image:width\" content=\"1500\" \/>\n\t\t<meta property=\"og:image:height\" content=\"1500\" \/>\n\t\t<meta property=\"article:published_time\" content=\"2022-08-15T15:27:26+00:00\" \/>\n\t\t<meta property=\"article:modified_time\" content=\"2026-01-24T10:07:05+00:00\" \/>\n\t\t<meta name=\"twitter:card\" content=\"summary_large_image\" \/>\n\t\t<meta name=\"twitter:title\" content=\"Contact - Active Entertainment\" \/>\n\t\t<meta name=\"twitter:description\" content=\"Ota yhteytt\u00e4 Olemme avoimia uusille ja mielenkiintoisille projekteille. L\u00e4het\u00e4 meili\u00e4 tai k\u00e4yt\u00e4 oheista lomaketta. Keskuksiin (liput, varaukset jne) liittyviss\u00e4 asioissa olethan yhteydell\u00e4 suoraan keskukseen. Ota yhteytt\u00e4 Email Viesti L\u00e4het\u00e4 viesti Vieraile kohteissamme\" \/>\n\t\t<meta name=\"twitter:image\" content=\"https:\/\/activeentertainment.fi\/wp-content\/uploads\/2022\/09\/Vertical-Main-Logo-transparent.png\" \/>\n\t\t<script type=\"application\/ld+json\" class=\"aioseo-schema\">\n\t\t\t{\"@context\":\"https:\\\/\\\/schema.org\",\"@graph\":[{\"@type\":\"BreadcrumbList\",\"@id\":\"https:\\\/\\\/activeentertainment.fi\\\/en\\\/contact\\\/#breadcrumblist\",\"itemListElement\":[{\"@type\":\"ListItem\",\"@id\":\"https:\\\/\\\/activeentertainment.fi\\\/en#listItem\",\"position\":1,\"name\":\"Home\",\"item\":\"https:\\\/\\\/activeentertainment.fi\\\/en\",\"nextItem\":{\"@type\":\"ListItem\",\"@id\":\"https:\\\/\\\/activeentertainment.fi\\\/en\\\/contact\\\/#listItem\",\"name\":\"Contact\"}},{\"@type\":\"ListItem\",\"@id\":\"https:\\\/\\\/activeentertainment.fi\\\/en\\\/contact\\\/#listItem\",\"position\":2,\"name\":\"Contact\",\"previousItem\":{\"@type\":\"ListItem\",\"@id\":\"https:\\\/\\\/activeentertainment.fi\\\/en#listItem\",\"name\":\"Home\"}}]},{\"@type\":\"Organization\",\"@id\":\"https:\\\/\\\/activeentertainment.fi\\\/en\\\/#organization\",\"name\":\"Active Entertainment\",\"description\":\"Fun is serious business\",\"url\":\"https:\\\/\\\/activeentertainment.fi\\\/en\\\/\",\"telephone\":\"+358505188075\",\"logo\":{\"@type\":\"ImageObject\",\"url\":\"https:\\\/\\\/activeentertainment.fi\\\/wp-content\\\/uploads\\\/2022\\\/09\\\/Vertical-Main-Logo-transparent.png\",\"@id\":\"https:\\\/\\\/activeentertainment.fi\\\/en\\\/contact\\\/#organizationLogo\",\"width\":1500,\"height\":1500,\"caption\":\"Active Entertainment - aktiivista viihtymist\\u00e4 vuodesta 2015\"},\"image\":{\"@id\":\"https:\\\/\\\/activeentertainment.fi\\\/en\\\/contact\\\/#organizationLogo\"}},{\"@type\":\"WebPage\",\"@id\":\"https:\\\/\\\/activeentertainment.fi\\\/en\\\/contact\\\/#webpage\",\"url\":\"https:\\\/\\\/activeentertainment.fi\\\/en\\\/contact\\\/\",\"name\":\"Contact - Active Entertainment\",\"description\":\"Ota yhteytt\\u00e4 Olemme avoimia uusille ja mielenkiintoisille projekteille. L\\u00e4het\\u00e4 meili\\u00e4 tai k\\u00e4yt\\u00e4 oheista lomaketta. Keskuksiin (liput, varaukset jne) liittyviss\\u00e4 asioissa olethan yhteydell\\u00e4 suoraan keskukseen. Ota yhteytt\\u00e4 Email Viesti L\\u00e4het\\u00e4 viesti Vieraile kohteissamme\",\"inLanguage\":\"en-GB\",\"isPartOf\":{\"@id\":\"https:\\\/\\\/activeentertainment.fi\\\/en\\\/#website\"},\"breadcrumb\":{\"@id\":\"https:\\\/\\\/activeentertainment.fi\\\/en\\\/contact\\\/#breadcrumblist\"},\"datePublished\":\"2022-08-15T15:27:26+02:00\",\"dateModified\":\"2026-01-24T12:07:05+02:00\"},{\"@type\":\"WebSite\",\"@id\":\"https:\\\/\\\/activeentertainment.fi\\\/en\\\/#website\",\"url\":\"https:\\\/\\\/activeentertainment.fi\\\/en\\\/\",\"name\":\"Active Entertainment\",\"description\":\"Fun is serious business\",\"inLanguage\":\"en-GB\",\"publisher\":{\"@id\":\"https:\\\/\\\/activeentertainment.fi\\\/en\\\/#organization\"}}]}\n\t\t<\/script>\n\t\t<!-- All in One SEO Pro -->\r\n\t\t<title>Contact - Active Entertainment<\/title>\n\n","aioseo_head_json":{"title":"Contact - Active Entertainment","description":"Ota yhteytt\u00e4 Olemme avoimia uusille ja mielenkiintoisille projekteille. L\u00e4het\u00e4 meili\u00e4 tai k\u00e4yt\u00e4 oheista lomaketta. Keskuksiin (liput, varaukset jne) liittyviss\u00e4 asioissa olethan yhteydell\u00e4 suoraan keskukseen. Ota yhteytt\u00e4 Email Viesti L\u00e4het\u00e4 viesti Vieraile kohteissamme","canonical_url":"https:\/\/activeentertainment.fi\/en\/contact\/","robots":"max-image-preview:large","keywords":"","webmasterTools":{"miscellaneous":""},"schema":{"@context":"https:\/\/schema.org","@graph":[{"@type":"BreadcrumbList","@id":"https:\/\/activeentertainment.fi\/en\/contact\/#breadcrumblist","itemListElement":[{"@type":"ListItem","@id":"https:\/\/activeentertainment.fi\/en#listItem","position":1,"name":"Home","item":"https:\/\/activeentertainment.fi\/en","nextItem":{"@type":"ListItem","@id":"https:\/\/activeentertainment.fi\/en\/contact\/#listItem","name":"Contact"}},{"@type":"ListItem","@id":"https:\/\/activeentertainment.fi\/en\/contact\/#listItem","position":2,"name":"Contact","previousItem":{"@type":"ListItem","@id":"https:\/\/activeentertainment.fi\/en#listItem","name":"Home"}}]},{"@type":"Organization","@id":"https:\/\/activeentertainment.fi\/en\/#organization","name":"Active Entertainment","description":"Fun is serious business","url":"https:\/\/activeentertainment.fi\/en\/","telephone":"+358505188075","logo":{"@type":"ImageObject","url":"https:\/\/activeentertainment.fi\/wp-content\/uploads\/2022\/09\/Vertical-Main-Logo-transparent.png","@id":"https:\/\/activeentertainment.fi\/en\/contact\/#organizationLogo","width":1500,"height":1500,"caption":"Active Entertainment - aktiivista viihtymist\u00e4 vuodesta 2015"},"image":{"@id":"https:\/\/activeentertainment.fi\/en\/contact\/#organizationLogo"}},{"@type":"WebPage","@id":"https:\/\/activeentertainment.fi\/en\/contact\/#webpage","url":"https:\/\/activeentertainment.fi\/en\/contact\/","name":"Contact - Active Entertainment","description":"Ota yhteytt\u00e4 Olemme avoimia uusille ja mielenkiintoisille projekteille. L\u00e4het\u00e4 meili\u00e4 tai k\u00e4yt\u00e4 oheista lomaketta. Keskuksiin (liput, varaukset jne) liittyviss\u00e4 asioissa olethan yhteydell\u00e4 suoraan keskukseen. Ota yhteytt\u00e4 Email Viesti L\u00e4het\u00e4 viesti Vieraile kohteissamme","inLanguage":"en-GB","isPartOf":{"@id":"https:\/\/activeentertainment.fi\/en\/#website"},"breadcrumb":{"@id":"https:\/\/activeentertainment.fi\/en\/contact\/#breadcrumblist"},"datePublished":"2022-08-15T15:27:26+02:00","dateModified":"2026-01-24T12:07:05+02:00"},{"@type":"WebSite","@id":"https:\/\/activeentertainment.fi\/en\/#website","url":"https:\/\/activeentertainment.fi\/en\/","name":"Active Entertainment","description":"Fun is serious business","inLanguage":"en-GB","publisher":{"@id":"https:\/\/activeentertainment.fi\/en\/#organization"}}]},"og:locale":"en_GB","og:site_name":"Active Entertainment - Fun is serious business","og:type":"article","og:title":"Contact - Active Entertainment","og:description":"Ota yhteytt\u00e4 Olemme avoimia uusille ja mielenkiintoisille projekteille. L\u00e4het\u00e4 meili\u00e4 tai k\u00e4yt\u00e4 oheista lomaketta. Keskuksiin (liput, varaukset jne) liittyviss\u00e4 asioissa olethan yhteydell\u00e4 suoraan keskukseen. Ota yhteytt\u00e4 Email Viesti L\u00e4het\u00e4 viesti Vieraile kohteissamme","og:url":"https:\/\/activeentertainment.fi\/en\/contact\/","og:image":"https:\/\/activeentertainment.fi\/wp-content\/uploads\/2022\/09\/Vertical-Main-Logo-transparent.png","og:image:secure_url":"https:\/\/activeentertainment.fi\/wp-content\/uploads\/2022\/09\/Vertical-Main-Logo-transparent.png","og:image:width":1500,"og:image:height":1500,"article:published_time":"2022-08-15T15:27:26+00:00","article:modified_time":"2026-01-24T10:07:05+00:00","twitter:card":"summary_large_image","twitter:title":"Contact - Active Entertainment","twitter:description":"Ota yhteytt\u00e4 Olemme avoimia uusille ja mielenkiintoisille projekteille. L\u00e4het\u00e4 meili\u00e4 tai k\u00e4yt\u00e4 oheista lomaketta. Keskuksiin (liput, varaukset jne) liittyviss\u00e4 asioissa olethan yhteydell\u00e4 suoraan keskukseen. Ota yhteytt\u00e4 Email Viesti L\u00e4het\u00e4 viesti Vieraile kohteissamme","twitter:image":"https:\/\/activeentertainment.fi\/wp-content\/uploads\/2022\/09\/Vertical-Main-Logo-transparent.png"},"aioseo_meta_data":{"post_id":"10","title":null,"description":null,"keywords":null,"keyphrases":null,"primary_term":null,"canonical_url":null,"og_title":null,"og_description":null,"og_object_type":"default","og_image_type":"default","og_image_url":null,"og_image_width":null,"og_image_height":null,"og_image_custom_url":null,"og_image_custom_fields":null,"og_video":null,"og_custom_url":null,"og_article_section":null,"og_article_tags":null,"twitter_use_og":false,"twitter_card":"default","twitter_image_type":"default","twitter_image_url":null,"twitter_image_custom_url":null,"twitter_image_custom_fields":null,"twitter_title":null,"twitter_description":null,"schema":{"blockGraphs":[],"customGraphs":[],"default":{"data":{"Article":[],"Course":[],"Dataset":[],"FAQPage":[],"Movie":[],"Person":[],"Product":[],"ProductReview":[],"Car":[],"Recipe":[],"Service":[],"SoftwareApplication":[],"WebPage":[]},"graphName":"WebPage","isEnabled":true},"graphs":[]},"schema_type":"default","schema_type_options":null,"pillar_content":false,"robots_default":true,"robots_noindex":false,"robots_noarchive":false,"robots_nosnippet":false,"robots_nofollow":false,"robots_noimageindex":false,"robots_noodp":false,"robots_notranslate":false,"robots_max_snippet":null,"robots_max_videopreview":null,"robots_max_imagepreview":"large","priority":null,"frequency":null,"local_seo":null,"seo_analyzer_scan_date":"2026-01-24 12:06:55","breadcrumb_settings":null,"limit_modified_date":false,"open_ai":null,"ai":null,"created":"2022-09-02 07:06:28","updated":"2026-01-24 12:06:55"},"aioseo_breadcrumb":"<div class=\"aioseo-breadcrumbs\"><span class=\"aioseo-breadcrumb\">\n\t<a href=\"https:\/\/activeentertainment.fi\/en\" title=\"Home\">Home<\/a>\n<\/span><span class=\"aioseo-breadcrumb-separator\">&raquo;<\/span><span class=\"aioseo-breadcrumb\">\n\tContact\n<\/span><\/div>","aioseo_breadcrumb_json":[{"label":"Home","link":"https:\/\/activeentertainment.fi\/en"},{"label":"Contact","link":"https:\/\/activeentertainment.fi\/en\/contact\/"}],"_links":{"self":[{"href":"https:\/\/activeentertainment.fi\/en\/wp-json\/wp\/v2\/pages\/10","targetHints":{"allow":["GET"]}}],"collection":[{"href":"https:\/\/activeentertainment.fi\/en\/wp-json\/wp\/v2\/pages"}],"about":[{"href":"https:\/\/activeentertainment.fi\/en\/wp-json\/wp\/v2\/types\/page"}],"author":[{"embeddable":true,"href":"https:\/\/activeentertainment.fi\/en\/wp-json\/wp\/v2\/users\/2"}],"replies":[{"embeddable":true,"href":"https:\/\/activeentertainment.fi\/en\/wp-json\/wp\/v2\/comments?post=10"}],"version-history":[{"count":39,"href":"https:\/\/activeentertainment.fi\/en\/wp-json\/wp\/v2\/pages\/10\/revisions"}],"predecessor-version":[{"id":4642,"href":"https:\/\/activeentertainment.fi\/en\/wp-json\/wp\/v2\/pages\/10\/revisions\/4642"}],"wp:attachment":[{"href":"https:\/\/activeentertainment.fi\/en\/wp-json\/wp\/v2\/media?parent=10"}],"curies":[{"name":"wp","href":"https:\/\/api.w.org\/{rel}","templated":true}]}}