{"id":1807,"date":"2022-08-24T09:18:52","date_gmt":"2022-08-24T09:18:52","guid":{"rendered":"https:\/\/activeentertainment.fi\/?page_id=1807"},"modified":"2025-03-12T17:51:20","modified_gmt":"2025-03-12T15:51:20","slug":"other-services","status":"publish","type":"page","link":"https:\/\/activeentertainment.fi\/en\/other-services\/","title":{"rendered":"Other Services"},"content":{"rendered":"<div data-elementor-type=\"wp-page\" data-elementor-id=\"1807\" class=\"elementor elementor-1807\" data-elementor-post-type=\"page\">\n\t\t\t\t\t\t<section class=\"elementor-section elementor-top-section elementor-element elementor-element-90fac9f elementor-section-height-min-height elementor-section-boxed elementor-section-height-default elementor-section-items-middle\" data-id=\"90fac9f\" data-element_type=\"section\" data-e-type=\"section\" data-settings=\"{&quot;background_background&quot;:&quot;classic&quot;,&quot;shape_divider_bottom&quot;:&quot;pyramids&quot;}\">\n\t\t\t\t\t<div class=\"elementor-shape elementor-shape-bottom\" aria-hidden=\"true\" data-negative=\"false\">\n\t\t\t<svg xmlns=\"http:\/\/www.w3.org\/2000\/svg\" viewbox=\"0 0 1000 100\" preserveaspectratio=\"none\">\n\t<path class=\"elementor-shape-fill\" d=\"M761.9,44.1L643.1,27.2L333.8,98L0,3.8V0l1000,0v3.9\"\/>\n<\/svg>\t\t<\/div>\n\t\t\t\t\t<div class=\"elementor-container elementor-column-gap-default\">\n\t\t\t\t\t<div class=\"elementor-column elementor-col-100 elementor-top-column elementor-element elementor-element-f7ff6e4\" data-id=\"f7ff6e4\" data-element_type=\"column\" data-e-type=\"column\">\n\t\t\t<div class=\"elementor-widget-wrap elementor-element-populated\">\n\t\t\t\t\t\t<div class=\"elementor-element elementor-element-f88fd9e elementor-widget elementor-widget-heading\" data-id=\"f88fd9e\" data-element_type=\"widget\" data-e-type=\"widget\" data-widget_type=\"heading.default\">\n\t\t\t\t<div class=\"elementor-widget-container\">\n\t\t\t\t\t<h1 class=\"elementor-heading-title elementor-size-default\">Muut palvelut<\/h1>\t\t\t\t<\/div>\n\t\t\t\t<\/div>\n\t\t\t\t<div class=\"elementor-element elementor-element-523ed8a elementor-widget elementor-widget-text-editor\" data-id=\"523ed8a\" data-element_type=\"widget\" data-e-type=\"widget\" data-widget_type=\"text-editor.default\">\n\t\t\t\t<div class=\"elementor-widget-container\">\n\t\t\t\t\t\t\t\t\t<p>El\u00e4myksellisten vapaa-ajan kohteidemme ohella tarjoamme my\u00f6s palveluja aktiivisen viihteen parissa.<\/p>\t\t\t\t\t\t\t\t<\/div>\n\t\t\t\t<\/div>\n\t\t\t\t\t<\/div>\n\t\t<\/div>\n\t\t\t\t\t<\/div>\n\t\t<\/section>\n\t\t\t\t<section class=\"elementor-section elementor-top-section elementor-element elementor-element-6ffd488 elementor-section-content-middle elementor-section-boxed elementor-section-height-default elementor-section-height-default\" data-id=\"6ffd488\" data-element_type=\"section\" data-e-type=\"section\">\n\t\t\t\t\t\t<div class=\"elementor-container elementor-column-gap-default\">\n\t\t\t\t\t<div class=\"elementor-column elementor-col-100 elementor-top-column elementor-element elementor-element-5bf7e89\" data-id=\"5bf7e89\" data-element_type=\"column\" data-e-type=\"column\">\n\t\t\t<div class=\"elementor-widget-wrap elementor-element-populated\">\n\t\t\t\t\t\t<div class=\"elementor-element elementor-element-d67d29c elementor-widget elementor-widget-heading\" data-id=\"d67d29c\" data-element_type=\"widget\" data-e-type=\"widget\" data-widget_type=\"heading.default\">\n\t\t\t\t<div class=\"elementor-widget-container\">\n\t\t\t\t\t<h2 class=\"elementor-heading-title elementor-size-default\">Mit\u00e4 me teemme?<\/h2>\t\t\t\t<\/div>\n\t\t\t\t<\/div>\n\t\t\t\t<div class=\"elementor-element elementor-element-88b34e0 elementor-widget elementor-widget-text-editor\" data-id=\"88b34e0\" data-element_type=\"widget\" data-e-type=\"widget\" data-widget_type=\"text-editor.default\">\n\t\t\t\t<div class=\"elementor-widget-container\">\n\t\t\t\t\t\t\t\t\t<p data-pm-slice=\"1 1 []\">Meille liikkuminen ja hauskanpito kulkevat k\u00e4si k\u00e4dess\u00e4! Olemme ylpeit\u00e4 ty\u00f6st\u00e4mme, ja tavoitteemme on innostaa ihmisi\u00e4 liikkumaan hauskalla ja aktiivisella tavalla. Lis\u00e4ksi olemme suunnitelleet ja toteuttaneet projekteja muille yrityksille ja toimijoille.<\/p>\t\t\t\t\t\t\t\t<\/div>\n\t\t\t\t<\/div>\n\t\t\t\t<div class=\"elementor-element elementor-element-b89759c elementor-mobile-align-justify elementor-widget__width-inherit elementor-widget-mobile__width-inherit elementor-align-center elementor-tablet-align-left elementor-widget elementor-widget-button\" data-id=\"b89759c\" data-element_type=\"widget\" data-e-type=\"widget\" data-widget_type=\"button.default\">\n\t\t\t\t<div class=\"elementor-widget-container\">\n\t\t\t\t\t\t\t\t\t<div class=\"elementor-button-wrapper\">\n\t\t\t\t\t<a class=\"elementor-button elementor-button-link elementor-size-xl elementor-animation-float\" href=\"https:\/\/activeentertainment.fi\/en\/contact\/\" target=\"_blank\">\n\t\t\t\t\t\t<span class=\"elementor-button-content-wrapper\">\n\t\t\t\t\t\t<span class=\"elementor-button-icon\">\n\t\t\t\t<i aria-hidden=\"true\" class=\"fas fa-arrow-right\"><\/i>\t\t\t<\/span>\n\t\t\t\t\t\t\t\t\t<span class=\"elementor-button-text\">Get in touch<\/span>\n\t\t\t\t\t<\/span>\n\t\t\t\t\t<\/a>\n\t\t\t\t<\/div>\n\t\t\t\t\t\t\t\t<\/div>\n\t\t\t\t<\/div>\n\t\t\t\t\t<\/div>\n\t\t<\/div>\n\t\t\t\t\t<\/div>\n\t\t<\/section>\n\t\t\t\t<section class=\"elementor-section elementor-top-section elementor-element elementor-element-c08d299 elementor-section-boxed elementor-section-height-default elementor-section-height-default\" data-id=\"c08d299\" data-element_type=\"section\" data-e-type=\"section\">\n\t\t\t\t\t\t<div class=\"elementor-container elementor-column-gap-default\">\n\t\t\t\t\t<div class=\"elementor-column elementor-col-25 elementor-top-column elementor-element elementor-element-5b5a01d\" data-id=\"5b5a01d\" data-element_type=\"column\" data-e-type=\"column\">\n\t\t\t<div class=\"elementor-widget-wrap elementor-element-populated\">\n\t\t\t\t\t\t<div class=\"elementor-element elementor-element-c542acb elementor-widget elementor-widget-heading\" data-id=\"c542acb\" data-element_type=\"widget\" data-e-type=\"widget\" data-widget_type=\"heading.default\">\n\t\t\t\t<div class=\"elementor-widget-container\">\n\t\t\t\t\t<h3 class=\"elementor-heading-title elementor-size-default\">Konsultonti<\/h3>\t\t\t\t<\/div>\n\t\t\t\t<\/div>\n\t\t\t\t<div class=\"elementor-element elementor-element-6cc7bde elementor-widget elementor-widget-text-editor\" data-id=\"6cc7bde\" data-element_type=\"widget\" data-e-type=\"widget\" data-widget_type=\"text-editor.default\">\n\t\t\t\t<div class=\"elementor-widget-container\">\n\t\t\t\t\t\t\t\t\t<p>Omistamme ja operoimme p\u00e4\u00e4osin omia kohteitamme, mutta vuosien varrella olemme toimineet my\u00f6s konsultteina useille vapaa-ajan alan toimijoille.<\/p>\t\t\t\t\t\t\t\t<\/div>\n\t\t\t\t<\/div>\n\t\t\t\t\t<\/div>\n\t\t<\/div>\n\t\t\t\t<div class=\"elementor-column elementor-col-25 elementor-top-column elementor-element elementor-element-cb3b44c\" data-id=\"cb3b44c\" data-element_type=\"column\" data-e-type=\"column\">\n\t\t\t<div class=\"elementor-widget-wrap elementor-element-populated\">\n\t\t\t\t\t\t<div class=\"elementor-element elementor-element-6b56279 elementor-widget elementor-widget-heading\" data-id=\"6b56279\" data-element_type=\"widget\" data-e-type=\"widget\" data-widget_type=\"heading.default\">\n\t\t\t\t<div class=\"elementor-widget-container\">\n\t\t\t\t\t<h3 class=\"elementor-heading-title elementor-size-default\">Suunnittelu ja toteutus<\/h3>\t\t\t\t<\/div>\n\t\t\t\t<\/div>\n\t\t\t\t<div class=\"elementor-element elementor-element-75d4e7a elementor-widget elementor-widget-text-editor\" data-id=\"75d4e7a\" data-element_type=\"widget\" data-e-type=\"widget\" data-widget_type=\"text-editor.default\">\n\t\t\t\t<div class=\"elementor-widget-container\">\n\t\t\t\t\t\t\t\t\t<p>Olemme olleet vahvasti mukana kaikien kohteidemme suunnittelussa ja toteutuksessa. Meill\u00e4 on syv\u00e4llist\u00e4 osaamista vapaa-ajan aktiviteettien suunnittelusta ja kehitt\u00e4misest\u00e4.<\/p>\t\t\t\t\t\t\t\t<\/div>\n\t\t\t\t<\/div>\n\t\t\t\t\t<\/div>\n\t\t<\/div>\n\t\t\t\t<div class=\"elementor-column elementor-col-25 elementor-top-column elementor-element elementor-element-c2a511b\" data-id=\"c2a511b\" data-element_type=\"column\" data-e-type=\"column\">\n\t\t\t<div class=\"elementor-widget-wrap elementor-element-populated\">\n\t\t\t\t\t\t<div class=\"elementor-element elementor-element-0f91a37 elementor-widget elementor-widget-heading\" data-id=\"0f91a37\" data-element_type=\"widget\" data-e-type=\"widget\" data-widget_type=\"heading.default\">\n\t\t\t\t<div class=\"elementor-widget-container\">\n\t\t\t\t\t<h3 class=\"elementor-heading-title elementor-size-default\">Tuotanto<\/h3>\t\t\t\t<\/div>\n\t\t\t\t<\/div>\n\t\t\t\t<div class=\"elementor-element elementor-element-cc68240 elementor-widget elementor-widget-text-editor\" data-id=\"cc68240\" data-element_type=\"widget\" data-e-type=\"widget\" data-widget_type=\"text-editor.default\">\n\t\t\t\t<div class=\"elementor-widget-container\">\n\t\t\t\t\t\t\t\t\t<p>Tunnemme eri aktiviteetteihin liittyv\u00e4t standardit ja vaatimukset ja olemme tuoneet markkinoille useita tuotteita vapaa-ajan keskuksiin.<\/p>\t\t\t\t\t\t\t\t<\/div>\n\t\t\t\t<\/div>\n\t\t\t\t\t<\/div>\n\t\t<\/div>\n\t\t\t\t<div class=\"elementor-column elementor-col-25 elementor-top-column elementor-element elementor-element-1392b3a\" data-id=\"1392b3a\" data-element_type=\"column\" data-e-type=\"column\">\n\t\t\t<div class=\"elementor-widget-wrap elementor-element-populated\">\n\t\t\t\t\t\t<div class=\"elementor-element elementor-element-118a1d9 elementor-widget elementor-widget-heading\" data-id=\"118a1d9\" data-element_type=\"widget\" data-e-type=\"widget\" data-widget_type=\"heading.default\">\n\t\t\t\t<div class=\"elementor-widget-container\">\n\t\t\t\t\t<h3 class=\"elementor-heading-title elementor-size-default\">Kumppanuus<\/h3>\t\t\t\t<\/div>\n\t\t\t\t<\/div>\n\t\t\t\t<div class=\"elementor-element elementor-element-ac30115 elementor-widget elementor-widget-text-editor\" data-id=\"ac30115\" data-element_type=\"widget\" data-e-type=\"widget\" data-widget_type=\"text-editor.default\">\n\t\t\t\t<div class=\"elementor-widget-container\">\n\t\t\t\t\t\t\t\t\t<p>Olemme avoimia erilaisille yhteisty\u00f6mahdollisuuksille ja yhteishankkeille tapauskohtaisesti. Jos sinulla on ehdotus, ota rohkeasti yhteytt\u00e4!<\/p>\t\t\t\t\t\t\t\t<\/div>\n\t\t\t\t<\/div>\n\t\t\t\t\t<\/div>\n\t\t<\/div>\n\t\t\t\t\t<\/div>\n\t\t<\/section>\n\t\t\t\t<\/div>","protected":false},"excerpt":{"rendered":"<p>Muut palvelut El\u00e4myksellisten vapaa-ajan kohteidemme ohella tarjoamme my\u00f6s palveluja aktiivisen viihteen parissa. Mit\u00e4 me teemme? Meille liikkuminen ja hauskanpito kulkevat k\u00e4si k\u00e4dess\u00e4! Olemme ylpeit\u00e4 ty\u00f6st\u00e4mme, ja tavoitteemme on innostaa ihmisi\u00e4 liikkumaan hauskalla ja aktiivisella tavalla. Lis\u00e4ksi olemme suunnitelleet ja toteuttaneet projekteja muille yrityksille ja toimijoille. Ota yhteytt\u00e4 Konsultonti Omistamme ja operoimme p\u00e4\u00e4osin omia kohteitamme, mutta&#8230;<\/p>","protected":false},"author":2,"featured_media":0,"parent":0,"menu_order":0,"comment_status":"closed","ping_status":"closed","template":"elementor_header_footer","meta":{"_mo_disable_npp":"","_kad_post_transparent":"","_kad_post_title":"hide","_kad_post_layout":"fullwidth","_kad_post_sidebar_id":"","_kad_post_content_style":"unboxed","_kad_post_vertical_padding":"hide","_kad_post_feature":"hide","_kad_post_feature_position":"","_kad_post_header":false,"_kad_post_footer":false,"_kad_post_classname":"","footnotes":""},"class_list":["post-1807","page","type-page","status-publish","hentry"],"aioseo_notices":[],"aioseo_head":"\n\t\t<!-- All in One SEO Pro 4.9.6.2 - aioseo.com -->\n\t<meta name=\"description\" content=\"Muut palvelut El\u00e4myksellisten vapaa-ajan kohteidemme ohella tarjoamme my\u00f6s palveluja aktiivisen viihteen parissa. Mit\u00e4 me teemme? Meille liikkuminen ja hauskanpito kulkevat k\u00e4si k\u00e4dess\u00e4! Olemme ylpeit\u00e4 ty\u00f6st\u00e4mme, ja tavoitteemme on innostaa ihmisi\u00e4 liikkumaan hauskalla ja aktiivisella tavalla. Lis\u00e4ksi olemme suunnitelleet ja toteuttaneet projekteja muille yrityksille ja toimijoille. Ota yhteytt\u00e4 Konsultonti Omistamme ja operoimme p\u00e4\u00e4osin omia kohteitamme, mutta\" \/>\n\t<meta name=\"robots\" content=\"max-image-preview:large\" \/>\n\t<link rel=\"canonical\" href=\"https:\/\/activeentertainment.fi\/en\/other-services\/\" \/>\n\t<meta name=\"generator\" content=\"All in One SEO Pro (AIOSEO) 4.9.6.2\" \/>\n\t\t<meta property=\"og:locale\" content=\"en_GB\" \/>\n\t\t<meta property=\"og:site_name\" content=\"Active Entertainment - Fun is serious business\" \/>\n\t\t<meta property=\"og:type\" content=\"article\" \/>\n\t\t<meta property=\"og:title\" content=\"Other Services - Active Entertainment\" \/>\n\t\t<meta property=\"og:description\" content=\"Muut palvelut El\u00e4myksellisten vapaa-ajan kohteidemme ohella tarjoamme my\u00f6s palveluja aktiivisen viihteen parissa. Mit\u00e4 me teemme? Meille liikkuminen ja hauskanpito kulkevat k\u00e4si k\u00e4dess\u00e4! Olemme ylpeit\u00e4 ty\u00f6st\u00e4mme, ja tavoitteemme on innostaa ihmisi\u00e4 liikkumaan hauskalla ja aktiivisella tavalla. Lis\u00e4ksi olemme suunnitelleet ja toteuttaneet projekteja muille yrityksille ja toimijoille. Ota yhteytt\u00e4 Konsultonti Omistamme ja operoimme p\u00e4\u00e4osin omia kohteitamme, mutta\" \/>\n\t\t<meta property=\"og:url\" content=\"https:\/\/activeentertainment.fi\/en\/other-services\/\" \/>\n\t\t<meta property=\"og:image\" content=\"https:\/\/activeentertainment.fi\/wp-content\/uploads\/2022\/09\/Vertical-Main-Logo-transparent.png\" \/>\n\t\t<meta property=\"og:image:secure_url\" content=\"https:\/\/activeentertainment.fi\/wp-content\/uploads\/2022\/09\/Vertical-Main-Logo-transparent.png\" \/>\n\t\t<meta property=\"og:image:width\" content=\"1500\" \/>\n\t\t<meta property=\"og:image:height\" content=\"1500\" \/>\n\t\t<meta property=\"article:published_time\" content=\"2022-08-24T09:18:52+00:00\" \/>\n\t\t<meta property=\"article:modified_time\" content=\"2025-03-12T15:51:20+00:00\" \/>\n\t\t<meta name=\"twitter:card\" content=\"summary_large_image\" \/>\n\t\t<meta name=\"twitter:title\" content=\"Other Services - Active Entertainment\" \/>\n\t\t<meta name=\"twitter:description\" content=\"Muut palvelut El\u00e4myksellisten vapaa-ajan kohteidemme ohella tarjoamme my\u00f6s palveluja aktiivisen viihteen parissa. Mit\u00e4 me teemme? Meille liikkuminen ja hauskanpito kulkevat k\u00e4si k\u00e4dess\u00e4! Olemme ylpeit\u00e4 ty\u00f6st\u00e4mme, ja tavoitteemme on innostaa ihmisi\u00e4 liikkumaan hauskalla ja aktiivisella tavalla. Lis\u00e4ksi olemme suunnitelleet ja toteuttaneet projekteja muille yrityksille ja toimijoille. Ota yhteytt\u00e4 Konsultonti Omistamme ja operoimme p\u00e4\u00e4osin omia kohteitamme, mutta\" \/>\n\t\t<meta name=\"twitter:image\" content=\"https:\/\/activeentertainment.fi\/wp-content\/uploads\/2022\/09\/Vertical-Main-Logo-transparent.png\" \/>\n\t\t<script type=\"application\/ld+json\" class=\"aioseo-schema\">\n\t\t\t{\"@context\":\"https:\\\/\\\/schema.org\",\"@graph\":[{\"@type\":\"BreadcrumbList\",\"@id\":\"https:\\\/\\\/activeentertainment.fi\\\/en\\\/other-services\\\/#breadcrumblist\",\"itemListElement\":[{\"@type\":\"ListItem\",\"@id\":\"https:\\\/\\\/activeentertainment.fi\\\/en#listItem\",\"position\":1,\"name\":\"Home\",\"item\":\"https:\\\/\\\/activeentertainment.fi\\\/en\",\"nextItem\":{\"@type\":\"ListItem\",\"@id\":\"https:\\\/\\\/activeentertainment.fi\\\/en\\\/other-services\\\/#listItem\",\"name\":\"Other Services\"}},{\"@type\":\"ListItem\",\"@id\":\"https:\\\/\\\/activeentertainment.fi\\\/en\\\/other-services\\\/#listItem\",\"position\":2,\"name\":\"Other Services\",\"previousItem\":{\"@type\":\"ListItem\",\"@id\":\"https:\\\/\\\/activeentertainment.fi\\\/en#listItem\",\"name\":\"Home\"}}]},{\"@type\":\"Organization\",\"@id\":\"https:\\\/\\\/activeentertainment.fi\\\/en\\\/#organization\",\"name\":\"Active Entertainment\",\"description\":\"Fun is serious business\",\"url\":\"https:\\\/\\\/activeentertainment.fi\\\/en\\\/\",\"telephone\":\"+358505188075\",\"logo\":{\"@type\":\"ImageObject\",\"url\":\"https:\\\/\\\/activeentertainment.fi\\\/wp-content\\\/uploads\\\/2022\\\/09\\\/Vertical-Main-Logo-transparent.png\",\"@id\":\"https:\\\/\\\/activeentertainment.fi\\\/en\\\/other-services\\\/#organizationLogo\",\"width\":1500,\"height\":1500,\"caption\":\"Active Entertainment - aktiivista viihtymist\\u00e4 vuodesta 2015\"},\"image\":{\"@id\":\"https:\\\/\\\/activeentertainment.fi\\\/en\\\/other-services\\\/#organizationLogo\"}},{\"@type\":\"WebPage\",\"@id\":\"https:\\\/\\\/activeentertainment.fi\\\/en\\\/other-services\\\/#webpage\",\"url\":\"https:\\\/\\\/activeentertainment.fi\\\/en\\\/other-services\\\/\",\"name\":\"Other Services - Active Entertainment\",\"description\":\"Muut palvelut El\\u00e4myksellisten vapaa-ajan kohteidemme ohella tarjoamme my\\u00f6s palveluja aktiivisen viihteen parissa. Mit\\u00e4 me teemme? Meille liikkuminen ja hauskanpito kulkevat k\\u00e4si k\\u00e4dess\\u00e4! Olemme ylpeit\\u00e4 ty\\u00f6st\\u00e4mme, ja tavoitteemme on innostaa ihmisi\\u00e4 liikkumaan hauskalla ja aktiivisella tavalla. Lis\\u00e4ksi olemme suunnitelleet ja toteuttaneet projekteja muille yrityksille ja toimijoille. Ota yhteytt\\u00e4 Konsultonti Omistamme ja operoimme p\\u00e4\\u00e4osin omia kohteitamme, mutta\",\"inLanguage\":\"en-GB\",\"isPartOf\":{\"@id\":\"https:\\\/\\\/activeentertainment.fi\\\/en\\\/#website\"},\"breadcrumb\":{\"@id\":\"https:\\\/\\\/activeentertainment.fi\\\/en\\\/other-services\\\/#breadcrumblist\"},\"datePublished\":\"2022-08-24T09:18:52+02:00\",\"dateModified\":\"2025-03-12T17:51:20+02:00\"},{\"@type\":\"WebSite\",\"@id\":\"https:\\\/\\\/activeentertainment.fi\\\/en\\\/#website\",\"url\":\"https:\\\/\\\/activeentertainment.fi\\\/en\\\/\",\"name\":\"Active Entertainment\",\"description\":\"Fun is serious business\",\"inLanguage\":\"en-GB\",\"publisher\":{\"@id\":\"https:\\\/\\\/activeentertainment.fi\\\/en\\\/#organization\"}}]}\n\t\t<\/script>\n\t\t<!-- All in One SEO Pro -->\r\n\t\t<title>Other Services - Active Entertainment<\/title>\n\n","aioseo_head_json":{"title":"Other Services - Active Entertainment","description":"Muut palvelut El\u00e4myksellisten vapaa-ajan kohteidemme ohella tarjoamme my\u00f6s palveluja aktiivisen viihteen parissa. Mit\u00e4 me teemme? Meille liikkuminen ja hauskanpito kulkevat k\u00e4si k\u00e4dess\u00e4! Olemme ylpeit\u00e4 ty\u00f6st\u00e4mme, ja tavoitteemme on innostaa ihmisi\u00e4 liikkumaan hauskalla ja aktiivisella tavalla. Lis\u00e4ksi olemme suunnitelleet ja toteuttaneet projekteja muille yrityksille ja toimijoille. Ota yhteytt\u00e4 Konsultonti Omistamme ja operoimme p\u00e4\u00e4osin omia kohteitamme, mutta","canonical_url":"https:\/\/activeentertainment.fi\/en\/other-services\/","robots":"max-image-preview:large","keywords":"","webmasterTools":{"miscellaneous":""},"schema":{"@context":"https:\/\/schema.org","@graph":[{"@type":"BreadcrumbList","@id":"https:\/\/activeentertainment.fi\/en\/other-services\/#breadcrumblist","itemListElement":[{"@type":"ListItem","@id":"https:\/\/activeentertainment.fi\/en#listItem","position":1,"name":"Home","item":"https:\/\/activeentertainment.fi\/en","nextItem":{"@type":"ListItem","@id":"https:\/\/activeentertainment.fi\/en\/other-services\/#listItem","name":"Other Services"}},{"@type":"ListItem","@id":"https:\/\/activeentertainment.fi\/en\/other-services\/#listItem","position":2,"name":"Other Services","previousItem":{"@type":"ListItem","@id":"https:\/\/activeentertainment.fi\/en#listItem","name":"Home"}}]},{"@type":"Organization","@id":"https:\/\/activeentertainment.fi\/en\/#organization","name":"Active Entertainment","description":"Fun is serious business","url":"https:\/\/activeentertainment.fi\/en\/","telephone":"+358505188075","logo":{"@type":"ImageObject","url":"https:\/\/activeentertainment.fi\/wp-content\/uploads\/2022\/09\/Vertical-Main-Logo-transparent.png","@id":"https:\/\/activeentertainment.fi\/en\/other-services\/#organizationLogo","width":1500,"height":1500,"caption":"Active Entertainment - aktiivista viihtymist\u00e4 vuodesta 2015"},"image":{"@id":"https:\/\/activeentertainment.fi\/en\/other-services\/#organizationLogo"}},{"@type":"WebPage","@id":"https:\/\/activeentertainment.fi\/en\/other-services\/#webpage","url":"https:\/\/activeentertainment.fi\/en\/other-services\/","name":"Other Services - Active Entertainment","description":"Muut palvelut El\u00e4myksellisten vapaa-ajan kohteidemme ohella tarjoamme my\u00f6s palveluja aktiivisen viihteen parissa. Mit\u00e4 me teemme? Meille liikkuminen ja hauskanpito kulkevat k\u00e4si k\u00e4dess\u00e4! Olemme ylpeit\u00e4 ty\u00f6st\u00e4mme, ja tavoitteemme on innostaa ihmisi\u00e4 liikkumaan hauskalla ja aktiivisella tavalla. Lis\u00e4ksi olemme suunnitelleet ja toteuttaneet projekteja muille yrityksille ja toimijoille. Ota yhteytt\u00e4 Konsultonti Omistamme ja operoimme p\u00e4\u00e4osin omia kohteitamme, mutta","inLanguage":"en-GB","isPartOf":{"@id":"https:\/\/activeentertainment.fi\/en\/#website"},"breadcrumb":{"@id":"https:\/\/activeentertainment.fi\/en\/other-services\/#breadcrumblist"},"datePublished":"2022-08-24T09:18:52+02:00","dateModified":"2025-03-12T17:51:20+02:00"},{"@type":"WebSite","@id":"https:\/\/activeentertainment.fi\/en\/#website","url":"https:\/\/activeentertainment.fi\/en\/","name":"Active Entertainment","description":"Fun is serious business","inLanguage":"en-GB","publisher":{"@id":"https:\/\/activeentertainment.fi\/en\/#organization"}}]},"og:locale":"en_GB","og:site_name":"Active Entertainment - Fun is serious business","og:type":"article","og:title":"Other Services - Active Entertainment","og:description":"Muut palvelut El\u00e4myksellisten vapaa-ajan kohteidemme ohella tarjoamme my\u00f6s palveluja aktiivisen viihteen parissa. Mit\u00e4 me teemme? Meille liikkuminen ja hauskanpito kulkevat k\u00e4si k\u00e4dess\u00e4! Olemme ylpeit\u00e4 ty\u00f6st\u00e4mme, ja tavoitteemme on innostaa ihmisi\u00e4 liikkumaan hauskalla ja aktiivisella tavalla. Lis\u00e4ksi olemme suunnitelleet ja toteuttaneet projekteja muille yrityksille ja toimijoille. Ota yhteytt\u00e4 Konsultonti Omistamme ja operoimme p\u00e4\u00e4osin omia kohteitamme, mutta","og:url":"https:\/\/activeentertainment.fi\/en\/other-services\/","og:image":"https:\/\/activeentertainment.fi\/wp-content\/uploads\/2022\/09\/Vertical-Main-Logo-transparent.png","og:image:secure_url":"https:\/\/activeentertainment.fi\/wp-content\/uploads\/2022\/09\/Vertical-Main-Logo-transparent.png","og:image:width":1500,"og:image:height":1500,"article:published_time":"2022-08-24T09:18:52+00:00","article:modified_time":"2025-03-12T15:51:20+00:00","twitter:card":"summary_large_image","twitter:title":"Other Services - Active Entertainment","twitter:description":"Muut palvelut El\u00e4myksellisten vapaa-ajan kohteidemme ohella tarjoamme my\u00f6s palveluja aktiivisen viihteen parissa. Mit\u00e4 me teemme? Meille liikkuminen ja hauskanpito kulkevat k\u00e4si k\u00e4dess\u00e4! Olemme ylpeit\u00e4 ty\u00f6st\u00e4mme, ja tavoitteemme on innostaa ihmisi\u00e4 liikkumaan hauskalla ja aktiivisella tavalla. Lis\u00e4ksi olemme suunnitelleet ja toteuttaneet projekteja muille yrityksille ja toimijoille. Ota yhteytt\u00e4 Konsultonti Omistamme ja operoimme p\u00e4\u00e4osin omia kohteitamme, mutta","twitter:image":"https:\/\/activeentertainment.fi\/wp-content\/uploads\/2022\/09\/Vertical-Main-Logo-transparent.png"},"aioseo_meta_data":{"post_id":"1807","title":null,"description":null,"keywords":null,"keyphrases":null,"primary_term":null,"canonical_url":null,"og_title":null,"og_description":null,"og_object_type":"default","og_image_type":"default","og_image_url":null,"og_image_width":null,"og_image_height":null,"og_image_custom_url":null,"og_image_custom_fields":null,"og_video":null,"og_custom_url":null,"og_article_section":null,"og_article_tags":null,"twitter_use_og":false,"twitter_card":"default","twitter_image_type":"default","twitter_image_url":null,"twitter_image_custom_url":null,"twitter_image_custom_fields":null,"twitter_title":null,"twitter_description":null,"schema":{"blockGraphs":[],"customGraphs":[],"default":{"data":{"Article":[],"Course":[],"Dataset":[],"FAQPage":[],"Movie":[],"Person":[],"Product":[],"ProductReview":[],"Car":[],"Recipe":[],"Service":[],"SoftwareApplication":[],"WebPage":[]},"graphName":"WebPage","isEnabled":true},"graphs":[]},"schema_type":"default","schema_type_options":null,"pillar_content":false,"robots_default":true,"robots_noindex":false,"robots_noarchive":false,"robots_nosnippet":false,"robots_nofollow":false,"robots_noimageindex":false,"robots_noodp":false,"robots_notranslate":false,"robots_max_snippet":null,"robots_max_videopreview":null,"robots_max_imagepreview":"large","priority":null,"frequency":null,"local_seo":null,"seo_analyzer_scan_date":"2025-10-09 12:22:18","breadcrumb_settings":null,"limit_modified_date":false,"open_ai":null,"ai":null,"created":"2022-09-02 07:07:03","updated":"2025-10-09 12:22:18"},"aioseo_breadcrumb":"<div class=\"aioseo-breadcrumbs\"><span class=\"aioseo-breadcrumb\">\n\t<a href=\"https:\/\/activeentertainment.fi\/en\" title=\"Home\">Home<\/a>\n<\/span><span class=\"aioseo-breadcrumb-separator\">&raquo;<\/span><span class=\"aioseo-breadcrumb\">\n\tOther Services\n<\/span><\/div>","aioseo_breadcrumb_json":[{"label":"Home","link":"https:\/\/activeentertainment.fi\/en"},{"label":"Other Services","link":"https:\/\/activeentertainment.fi\/en\/other-services\/"}],"_links":{"self":[{"href":"https:\/\/activeentertainment.fi\/en\/wp-json\/wp\/v2\/pages\/1807","targetHints":{"allow":["GET"]}}],"collection":[{"href":"https:\/\/activeentertainment.fi\/en\/wp-json\/wp\/v2\/pages"}],"about":[{"href":"https:\/\/activeentertainment.fi\/en\/wp-json\/wp\/v2\/types\/page"}],"author":[{"embeddable":true,"href":"https:\/\/activeentertainment.fi\/en\/wp-json\/wp\/v2\/users\/2"}],"replies":[{"embeddable":true,"href":"https:\/\/activeentertainment.fi\/en\/wp-json\/wp\/v2\/comments?post=1807"}],"version-history":[{"count":9,"href":"https:\/\/activeentertainment.fi\/en\/wp-json\/wp\/v2\/pages\/1807\/revisions"}],"predecessor-version":[{"id":2814,"href":"https:\/\/activeentertainment.fi\/en\/wp-json\/wp\/v2\/pages\/1807\/revisions\/2814"}],"wp:attachment":[{"href":"https:\/\/activeentertainment.fi\/en\/wp-json\/wp\/v2\/media?parent=1807"}],"curies":[{"name":"wp","href":"https:\/\/api.w.org\/{rel}","templated":true}]}}